{"id":9,"date":"2018-04-10T10:36:03","date_gmt":"2018-04-10T08:36:03","guid":{"rendered":"http:\/\/livingtheros.com\/?page_id=9"},"modified":"2023-05-29T22:27:55","modified_gmt":"2023-05-29T20:27:55","slug":"accommodation","status":"publish","type":"page","link":"https:\/\/livingtheros.com\/fr\/accommodation\/","title":{"rendered":"H\u00c9BERGEMENT"},"content":{"rendered":"Le luxe s\u2019\u00e9tend sur un m\u00e9lange \u00e9l\u00e9gant de mobilier chic et de salles de bains de bon go\u00fbt qui incarnent le concept de confort somptueux. Les chambres et les suites \u00e9l\u00e9gantes et d\u00e9cloisonn\u00e9es pr\u00e9sentent une palette de couleurs vives de blanc, de beige et de gris de 14 \u00e0 100 m\u00e8tres carr\u00e9s. Elles sont d\u00e9cor\u00e9es de d\u00e9tails faits \u00e0 la main et d\u2019\u00e9l\u00e9ments de design qui rappellent constamment le lieu. Relaxez-vous, d\u00e9tendez-vous et laissez vos sens assimiler pleinement l\u2019espace et la tranquillit\u00e9 tandis que notre personnel discret mais attentif est \u00e0 votre disposition pour r\u00e9pondre \u00e0 tous vos d\u00e9sirs.","protected":false},"excerpt":{"rendered":"<p>Le luxe s\u2019\u00e9tend sur un m\u00e9lange \u00e9l\u00e9gant de mobilier chic et de salles de bains de bon go\u00fbt qui incarnent le concept de confort somptueux. Les chambres et les suites \u00e9l\u00e9gantes et d\u00e9cloisonn\u00e9es pr\u00e9sentent une palette de couleurs vives de&hellip;<\/p>\n","protected":false},"author":1,"featured_media":0,"parent":0,"menu_order":0,"comment_status":"closed","ping_status":"closed","template":"kobo\/rooms.php","meta":{"_acf_changed":false,"footnotes":""},"class_list":["post-9","page","type-page","status-publish","hentry","entry","no-media"],"acf":[],"aioseo_notices":[],"_links":{"self":[{"href":"https:\/\/livingtheros.com\/fr\/wp-json\/wp\/v2\/pages\/9","targetHints":{"allow":["GET"]}}],"collection":[{"href":"https:\/\/livingtheros.com\/fr\/wp-json\/wp\/v2\/pages"}],"about":[{"href":"https:\/\/livingtheros.com\/fr\/wp-json\/wp\/v2\/types\/page"}],"author":[{"embeddable":true,"href":"https:\/\/livingtheros.com\/fr\/wp-json\/wp\/v2\/users\/1"}],"replies":[{"embeddable":true,"href":"https:\/\/livingtheros.com\/fr\/wp-json\/wp\/v2\/comments?post=9"}],"version-history":[{"count":12,"href":"https:\/\/livingtheros.com\/fr\/wp-json\/wp\/v2\/pages\/9\/revisions"}],"predecessor-version":[{"id":672,"href":"https:\/\/livingtheros.com\/fr\/wp-json\/wp\/v2\/pages\/9\/revisions\/672"}],"wp:attachment":[{"href":"https:\/\/livingtheros.com\/fr\/wp-json\/wp\/v2\/media?parent=9"}],"curies":[{"name":"wp","href":"https:\/\/api.w.org\/{rel}","templated":true}]}}