{"id":782,"date":"2024-12-12T22:05:17","date_gmt":"2024-12-12T20:05:17","guid":{"rendered":"https:\/\/livingtheros.com\/?page_id=782"},"modified":"2024-12-12T22:05:17","modified_gmt":"2024-12-12T20:05:17","slug":"living-theros-in-the-winter","status":"publish","type":"page","link":"https:\/\/livingtheros.com\/fr\/living-theros-in-the-winter\/","title":{"rendered":"Living Theros en\u2026 hiver !"},"content":{"rendered":"Pour la toute premi\u00e8re fois, nous avons la joie de vous ouvrir nos portes et nos c\u0153urs pendant la saison hivernale ! Nous vous offrons \u00e0 un prix exceptionnel nos deux plus grands logements, d\u2019une capacit\u00e9 d\u2019accueil de 1 \u00e0 5 personnes chacun. Ils vous charmeront par leur vue \u00e9blouissante et leurs \u00e9quipements : chauffage confortable, couettes moelleuses, cuisine \u00e9quip\u00e9e, lave-linge, wifi haut d\u00e9bit. Notre plus grande joie sera de vous faire d\u00e9couvrir la Tinos des quatre saisons !<\/p>\n<p>Pendant l\u2019hiver, notre \u00eele demeure active. Elle est d\u2019ailleurs peut-\u00eatre plus authentique que jamais ! Ses ruelles pav\u00e9es, ses formations rocheuses, la plupart de ses restaurants et mus\u00e9es et surtout, tous ses charmants villages restent pr\u00e9sents, n\u2019attendant que vous, loin de la foule estivale.<\/p>\n<p>Vous projetez un s\u00e9jour \u00e0 Tinos en automne, en hiver ou au printemps ? Vous cherchez une escapade alternative ? Vous souhaitez une offre sp\u00e9ciale pour un s\u00e9jour de longue dur\u00e9e ? Contactez-nous pour de plus amples informations ! Nous vous aidons \u00e9galement pour les billets et horaires de bateau, la location de voiture et tout ce qui pourra rendre votre s\u00e9jour plus agr\u00e9able.","protected":false},"excerpt":{"rendered":"<p>Pour la toute premi\u00e8re fois, nous avons la joie de vous ouvrir nos portes et nos c\u0153urs pendant la saison hivernale ! Nous vous offrons \u00e0 un prix exceptionnel nos deux plus grands logements, d\u2019une capacit\u00e9 d\u2019accueil de 1 \u00e0&hellip;<\/p>\n","protected":false},"author":1,"featured_media":0,"parent":0,"menu_order":0,"comment_status":"closed","ping_status":"closed","template":"kobo\/privacy.php","meta":{"_acf_changed":false,"footnotes":""},"class_list":["post-782","page","type-page","status-publish","hentry","entry","no-media"],"acf":[],"aioseo_notices":[],"_links":{"self":[{"href":"https:\/\/livingtheros.com\/fr\/wp-json\/wp\/v2\/pages\/782","targetHints":{"allow":["GET"]}}],"collection":[{"href":"https:\/\/livingtheros.com\/fr\/wp-json\/wp\/v2\/pages"}],"about":[{"href":"https:\/\/livingtheros.com\/fr\/wp-json\/wp\/v2\/types\/page"}],"author":[{"embeddable":true,"href":"https:\/\/livingtheros.com\/fr\/wp-json\/wp\/v2\/users\/1"}],"replies":[{"embeddable":true,"href":"https:\/\/livingtheros.com\/fr\/wp-json\/wp\/v2\/comments?post=782"}],"version-history":[{"count":1,"href":"https:\/\/livingtheros.com\/fr\/wp-json\/wp\/v2\/pages\/782\/revisions"}],"predecessor-version":[{"id":783,"href":"https:\/\/livingtheros.com\/fr\/wp-json\/wp\/v2\/pages\/782\/revisions\/783"}],"wp:attachment":[{"href":"https:\/\/livingtheros.com\/fr\/wp-json\/wp\/v2\/media?parent=782"}],"curies":[{"name":"wp","href":"https:\/\/api.w.org\/{rel}","templated":true}]}}