{"id":7,"date":"2018-04-10T10:35:53","date_gmt":"2018-04-10T08:35:53","guid":{"rendered":"http:\/\/livingtheros.com\/?page_id=7"},"modified":"2023-05-29T22:46:12","modified_gmt":"2023-05-29T20:46:12","slug":"home","status":"publish","type":"page","link":"https:\/\/livingtheros.com\/fr\/","title":{"rendered":"ACCUEIL"},"content":{"rendered":"Cherchez-vous des alternatives hors des sentiers battus et des lieux qui regorgent d\u2019authenticit\u00e9\u00a0? Si vous avez besoin d\u2019une v\u00e9ritable \u00e9vasion sur l\u2019\u00eele de Tinos, il y a un endroit cach\u00e9 qui vous impressionnera.<\/p>\n<p>Rien n\u2019acc\u00e9l\u00e8re le pouls des voyageurs recherchant l\u2019original et l\u2019inoubliable comme un nouveau h\u00f4tel. Imaginez-vous dans un endroit d\u2019une beaut\u00e9 \u00e0 couper le souffle o\u00f9 vous d\u00e9couvrirez l\u2019histoire centenaire de l\u2019\u00eele, vous vivrez des exp\u00e9riences \u00e9mouvantes et vous aurez un lien avec la nature\u00a0! Gr\u00e2ce \u00e0 une architecture unique, un design \u00e9poustouflant, une hospitalit\u00e9 chaleureuse et une immersion au c\u0153ur de la sc\u00e8ne locale, le Living Theros Luxury Suites attire le monde \u00e0 sa porte.","protected":false},"excerpt":{"rendered":"<p>Cherchez-vous des alternatives hors des sentiers battus et des lieux qui regorgent d\u2019authenticit\u00e9\u00a0? Si vous avez besoin d\u2019une v\u00e9ritable \u00e9vasion sur l\u2019\u00eele de Tinos, il y a un endroit cach\u00e9 qui vous impressionnera. Rien n\u2019acc\u00e9l\u00e8re le pouls des voyageurs recherchant&hellip;<\/p>\n","protected":false},"author":1,"featured_media":0,"parent":0,"menu_order":0,"comment_status":"closed","ping_status":"closed","template":"kobo\/home.php","meta":{"_acf_changed":false,"footnotes":""},"class_list":["post-7","page","type-page","status-publish","hentry","entry","no-media"],"acf":[],"aioseo_notices":[],"_links":{"self":[{"href":"https:\/\/livingtheros.com\/fr\/wp-json\/wp\/v2\/pages\/7","targetHints":{"allow":["GET"]}}],"collection":[{"href":"https:\/\/livingtheros.com\/fr\/wp-json\/wp\/v2\/pages"}],"about":[{"href":"https:\/\/livingtheros.com\/fr\/wp-json\/wp\/v2\/types\/page"}],"author":[{"embeddable":true,"href":"https:\/\/livingtheros.com\/fr\/wp-json\/wp\/v2\/users\/1"}],"replies":[{"embeddable":true,"href":"https:\/\/livingtheros.com\/fr\/wp-json\/wp\/v2\/comments?post=7"}],"version-history":[{"count":27,"href":"https:\/\/livingtheros.com\/fr\/wp-json\/wp\/v2\/pages\/7\/revisions"}],"predecessor-version":[{"id":673,"href":"https:\/\/livingtheros.com\/fr\/wp-json\/wp\/v2\/pages\/7\/revisions\/673"}],"wp:attachment":[{"href":"https:\/\/livingtheros.com\/fr\/wp-json\/wp\/v2\/media?parent=7"}],"curies":[{"name":"wp","href":"https:\/\/api.w.org\/{rel}","templated":true}]}}