{"id":13,"date":"2018-04-10T10:36:51","date_gmt":"2018-04-10T08:36:51","guid":{"rendered":"http:\/\/livingtheros.com\/?page_id=13"},"modified":"2026-03-20T11:01:27","modified_gmt":"2026-03-20T09:01:27","slug":"contact-us","status":"publish","type":"page","link":"https:\/\/livingtheros.com\/fr\/contact-us\/","title":{"rendered":"CONTACTEZ-NOUS"},"content":{"rendered":"Living Theros a la chance d&rsquo;\u00eatre situ\u00e9 dans le village pittoresque de Kardiani, presque au milieu de l\u2019 \u00eele de Tinos. Dans ce village traditionnel, aucun v\u00e9hicule n\u2019est autoris\u00e9 \u00e0 stationner ou passer. Vous pourrez garer votre v\u00e9hicule sur le parking municipal gratuit aux abords du village. Nous serons certainement l\u00e0, pour vous aider avec vos bagages. Vous arriverez \u00e0 l&rsquo;h\u00f4tel apr\u00e8s 2-3 minutes de marche (150 m\u00e8tres, 45 marches) en profitant du calme ambiant. Pour toute pr\u00e9cision concernant ce qui pr\u00e9c\u00e8de, n\u2019h\u00e9sitez pas \u00e0 nous contacter.<\/p>\n<div id=\"attachment_810\" style=\"width: 2570px\" class=\"wp-caption alignnone\"><img loading=\"lazy\" decoding=\"async\" aria-describedby=\"caption-attachment-810\" class=\"size-full wp-image-810\" src=\"https:\/\/livingtheros.com\/wp-content\/uploads\/2026\/03\/MAP-NEW-KARDIANI-scaled.jpg\" alt=\"\" width=\"2560\" height=\"1333\" srcset=\"https:\/\/livingtheros.com\/wp-content\/uploads\/2026\/03\/MAP-NEW-KARDIANI-scaled.jpg 2560w, https:\/\/livingtheros.com\/wp-content\/uploads\/2026\/03\/MAP-NEW-KARDIANI-768x400.jpg 768w, https:\/\/livingtheros.com\/wp-content\/uploads\/2026\/03\/MAP-NEW-KARDIANI-1536x800.jpg 1536w, https:\/\/livingtheros.com\/wp-content\/uploads\/2026\/03\/MAP-NEW-KARDIANI-2048x1067.jpg 2048w, https:\/\/livingtheros.com\/wp-content\/uploads\/2026\/03\/MAP-NEW-KARDIANI-300x156.jpg 300w\" sizes=\"auto, (max-width: 2560px) 100vw, 2560px\" \/><p id=\"caption-attachment-810\" class=\"wp-caption-text\">Map Living Theros Kardiani<\/p><\/div>","protected":false},"excerpt":{"rendered":"<p>Living Theros a la chance d&rsquo;\u00eatre situ\u00e9 dans le village pittoresque de Kardiani, presque au milieu de l\u2019 \u00eele de Tinos. Dans ce village traditionnel, aucun v\u00e9hicule n\u2019est autoris\u00e9 \u00e0 stationner ou passer. Vous pourrez garer votre v\u00e9hicule sur le&hellip;<\/p>\n","protected":false},"author":1,"featured_media":0,"parent":0,"menu_order":0,"comment_status":"closed","ping_status":"closed","template":"kobo\/contact.php","meta":{"_acf_changed":false,"footnotes":""},"class_list":["post-13","page","type-page","status-publish","hentry","entry","no-media"],"acf":[],"aioseo_notices":[],"_links":{"self":[{"href":"https:\/\/livingtheros.com\/fr\/wp-json\/wp\/v2\/pages\/13","targetHints":{"allow":["GET"]}}],"collection":[{"href":"https:\/\/livingtheros.com\/fr\/wp-json\/wp\/v2\/pages"}],"about":[{"href":"https:\/\/livingtheros.com\/fr\/wp-json\/wp\/v2\/types\/page"}],"author":[{"embeddable":true,"href":"https:\/\/livingtheros.com\/fr\/wp-json\/wp\/v2\/users\/1"}],"replies":[{"embeddable":true,"href":"https:\/\/livingtheros.com\/fr\/wp-json\/wp\/v2\/comments?post=13"}],"version-history":[{"count":12,"href":"https:\/\/livingtheros.com\/fr\/wp-json\/wp\/v2\/pages\/13\/revisions"}],"predecessor-version":[{"id":811,"href":"https:\/\/livingtheros.com\/fr\/wp-json\/wp\/v2\/pages\/13\/revisions\/811"}],"wp:attachment":[{"href":"https:\/\/livingtheros.com\/fr\/wp-json\/wp\/v2\/media?parent=13"}],"curies":[{"name":"wp","href":"https:\/\/api.w.org\/{rel}","templated":true}]}}